{"id":101,"date":"2014-05-21T11:55:48","date_gmt":"2014-05-21T09:55:48","guid":{"rendered":"http:\/\/www.ims-ravenna.it\/?page_id=101"},"modified":"2020-11-20T11:02:20","modified_gmt":"2020-11-20T10:02:20","slug":"home","status":"publish","type":"page","link":"https:\/\/www.ims-ravenna.it\/","title":{"rendered":""},"content":{"rendered":"<h2>Chi siamo<\/h2>\n<p><img loading=\"lazy\" decoding=\"async\" class=\"alignright size-full wp-image-121\" style=\"margin: 0px 0px 10px 10%;\" src=\"http:\/\/www.ims-ravenna.it\/wp-content\/uploads\/2014\/05\/marchio_blu.png\" alt=\"Intermarine shipping\" width=\"204\" height=\"204\" srcset=\"https:\/\/www.ims-ravenna.it\/wp-content\/uploads\/2014\/05\/marchio_blu.png 204w, https:\/\/www.ims-ravenna.it\/wp-content\/uploads\/2014\/05\/marchio_blu-150x150.png 150w, https:\/\/www.ims-ravenna.it\/wp-content\/uploads\/2014\/05\/marchio_blu-75x75.png 75w\" sizes=\"auto, (max-width: 204px) 100vw, 204px\" \/><\/p>\n<div>Siamo un\u2019agenzia marittima, nata nel 1981, operante nel porto di Ravenna. La nostra attivit\u00e0 principale \u00e8 rivolta ai servizi di linea della Compagnia Grimaldi, ma ci occupiamo anche di raccomandazione marittima di navi occasionali e altri servizi collaterali di carattere logistico, doganale e portuale. Grazie all\u2019impegno, alla passione e alla professionalit\u00e0 del nostro personale \u2013 unita alla dinamicit\u00e0 commerciale del settore \u2013 nel corso degli anni abbiamo potuto soddisfare le mutevoli necessit\u00e0 della Clientela nazionale e internazionale ottenendo, dalla stessa, attestati di stima e fiducia.<\/div>\n<div style=\"margin-top: 35px; margin-bottom: 30px; float: left;\"><a class=\"link_button\" href=\"http:\/\/www.ims-ravenna.it\/?page_id=6\">APPROFONDISCI<\/a><\/div>\n<div style=\"clear: both;\">\n<div class=\"csRow\">\n<div class=\"csColumn\" style=\"margin: 0px; padding: 0px; float: left; width: 30.8%;\" data-csid=\"3398e5cf-1900-f88b-b433-59882d62b8a4\" data-cswidth=\"30.8%\" data-csendpoint=\"296\" data-csstartpoint=\"0\">\n<h2><a title=\"Servizi\" href=\"http:\/\/www.ims-ravenna.it\/?page_id=22\"><img loading=\"lazy\" decoding=\"async\" src=\"http:\/\/www.ims-ravenna.it\/wp-content\/uploads\/2014\/05\/spes-small.jpg\" alt=\"\" width=\"278\" height=\"123\" \/><\/a>Servizi<\/h2>\n<p style=\"text-align: left;\">Grazie alla collaborazione con la Compagnia Marittima Grimaldi Group, garantiamo ai nostri Clienti servizi innovativi e di qualit\u00e0 a prezzi competitivi. Questo \u00e8 possibile in virt\u00f9 dell\u2019unione di sinergie che si \u00e8 creata nel tempo e che ci permette di fondere al meglio i due sistemi di logistica integrata per il trasporto marittimo adottati dalle singole compagnie.<\/p>\n<\/div>\n<div class=\"csColumnGap\" style=\"margin: 0px; padding: 0px; float: left; width: 3.54%;\"><img decoding=\"async\" style=\"border: none;\" src=\"http:\/\/www.ims-ravenna.it\/wp-content\/plugins\/advanced-wp-columns\/assets\/js\/plugins\/views\/img\/1x1-pixel.png\" alt=\"\" \/><\/div>\n<div class=\"csColumn\" style=\"margin: 0px; padding: 0px; float: left; width: 30.8%;\" data-csid=\"08558141-25e7-5a93-9a8a-964f3f699426\" data-cswidth=\"30.8%\" data-csendpoint=\"626\" data-csstartpoint=\"330\">\n<h2><a title=\"Certificazioni\" href=\"http:\/\/www.ims-ravenna.it\/?page_id=16\"><img loading=\"lazy\" decoding=\"async\" src=\"http:\/\/www.ims-ravenna.it\/wp-content\/uploads\/2014\/05\/img_certificazioni.jpg\" alt=\"\" width=\"278\" height=\"123\" \/><\/a>Certificazioni<\/h2>\n<p style=\"text-align: left;\">Dal 2001, il nostro sistema di qualit\u00e0 \u00e8 certificato dall\u2019ente RINA. Da sempre il nostro obiettivo \u00e8 quello di fornire servizi altamente specializzati, capaci di rispondere alle molteplici esigenze della clientela. Ed \u00e8 proprio nella sua soddisfazione che abbiamo individuato la condizione essenziale per lo sviluppo dell\u2019azienda.<\/p>\n<\/div>\n<div class=\"csColumnGap\" style=\"margin: 0px; padding: 0px; float: left; width: 3.96%;\"><img decoding=\"async\" style=\"border: none;\" src=\"http:\/\/www.ims-ravenna.it\/wp-content\/plugins\/advanced-wp-columns\/assets\/js\/plugins\/views\/img\/1x1-pixel.png\" alt=\"\" \/><\/div>\n<div class=\"csColumn\" style=\"margin: 0px; padding: 0px; float: left; width: 30.5%;\" data-csid=\"dcce4638-99eb-ff90-b849-bf1ddc390cd3\" data-cswidth=\"30.5%\" data-csendpoint=\"957\" data-csstartpoint=\"664\">\n<h2><a title=\"Traghetto Grecia\" href=\"http:\/\/www.ims-ravenna.it\/?page_id=11\"><img loading=\"lazy\" decoding=\"async\" src=\"http:\/\/www.ims-ravenna.it\/wp-content\/uploads\/2014\/05\/img_traghetto.jpg\" alt=\"\" width=\"277\" height=\"123\" \/><\/a><span style=\"color: #000000;\">\u00a0 <span style=\"color: #333333;\">Traghetti Mediterraneo<\/span><\/span><\/h2>\n<p style=\"text-align: left;\">Raggiungere le pi\u00f9 belle destinazioni del Mediterraneo non \u00e8 mai stato cos\u00ec semplice.<\/p>\n<p style=\"text-align: left;\">Il servizio traghetti di Grimaldi Group serve i porti pi\u00f9 importanti del Mediterraneo.<\/p>\n<\/div>\n<\/div>\n<\/div>\n","protected":false},"excerpt":{"rendered":"<p>Chi siamo Siamo un\u2019agenzia marittima, nata nel 1981, operante nel porto di Ravenna. La nostra attivit\u00e0 principale \u00e8 rivolta ai servizi di linea della Compagnia Grimaldi, ma ci occupiamo anche di raccomandazione marittima di navi occasionali e altri servizi collaterali di carattere logistico, doganale e&hellip; <\/p>\n<div class=\"button-container right\"><a class=\"button more-link\" href=\"https:\/\/www.ims-ravenna.it\/\">Continue Reading &raquo;<\/a><\/div>\n","protected":false},"author":2,"featured_media":0,"parent":0,"menu_order":0,"comment_status":"closed","ping_status":"closed","template":"backstretch-page.php","meta":{"footnotes":""},"class_list":["post-101","page","type-page","status-publish","hentry"],"_links":{"self":[{"href":"https:\/\/www.ims-ravenna.it\/index.php?rest_route=\/wp\/v2\/pages\/101","targetHints":{"allow":["GET"]}}],"collection":[{"href":"https:\/\/www.ims-ravenna.it\/index.php?rest_route=\/wp\/v2\/pages"}],"about":[{"href":"https:\/\/www.ims-ravenna.it\/index.php?rest_route=\/wp\/v2\/types\/page"}],"author":[{"embeddable":true,"href":"https:\/\/www.ims-ravenna.it\/index.php?rest_route=\/wp\/v2\/users\/2"}],"replies":[{"embeddable":true,"href":"https:\/\/www.ims-ravenna.it\/index.php?rest_route=%2Fwp%2Fv2%2Fcomments&post=101"}],"version-history":[{"count":135,"href":"https:\/\/www.ims-ravenna.it\/index.php?rest_route=\/wp\/v2\/pages\/101\/revisions"}],"predecessor-version":[{"id":657,"href":"https:\/\/www.ims-ravenna.it\/index.php?rest_route=\/wp\/v2\/pages\/101\/revisions\/657"}],"wp:attachment":[{"href":"https:\/\/www.ims-ravenna.it\/index.php?rest_route=%2Fwp%2Fv2%2Fmedia&parent=101"}],"curies":[{"name":"wp","href":"https:\/\/api.w.org\/{rel}","templated":true}]}}